{"id":195,"date":"2015-11-08T18:45:52","date_gmt":"2015-11-08T18:45:52","guid":{"rendered":"http:\/\/www.fadamai.com\/?page_id=195"},"modified":"2020-05-31T17:27:30","modified_gmt":"2020-05-31T17:27:30","slug":"servicios","status":"publish","type":"page","link":"https:\/\/www.fadamai.com\/?page_id=195","title":{"rendered":"Servicios"},"content":{"rendered":"<p><span style=\"font-family: citroen-regular; font-size: 14pt;\"><img loading=\"lazy\" class=\"alignright wp-image-292\" src=\"http:\/\/www.fadamai.com\/wp-content\/uploads\/c4adri.jpg\" alt=\"c4adri\" width=\"458\" height=\"258\" srcset=\"https:\/\/www.fadamai.com\/wp-content\/uploads\/c4adri.jpg 1024w, https:\/\/www.fadamai.com\/wp-content\/uploads\/c4adri-300x169.jpg 300w, https:\/\/www.fadamai.com\/wp-content\/uploads\/c4adri-768x432.jpg 768w\" sizes=\"(max-width: 458px) 100vw, 458px\" \/><br><\/span><\/p>\n<p><span style=\"font-family: citroen-regular; font-size: 14pt;\">En <strong>Talleres Fadamai S.L<\/strong>., aportamos nuestra experiencia, competencia y tecnolog\u00eda propia para realizar el <strong>mantenimiento de su veh\u00edculo <\/strong>con el m\u00e1ximo cuidado, atendiendo a sus caracter\u00edsticas t\u00e9cnicas.<\/span><\/p>\n<p><span style=\"font-family: citroen-regular; font-size: 14pt;\">La frecuencia del mantenimiento de su veh\u00edculo variar\u00e1, seg\u00fan el modelo y el uso. Realizar el mantenimiento peri\u00f3dico de su veh\u00edculo en nuestros talleres, es fundamental para asegurar un seguimiento fiable y de calidad del mismo.<\/span><\/p>\n<p><\/p>\n<p><span style=\"font-family: citroen-regular; font-size: 36pt;\"><strong>TALLERES FADAMAI S.L.&nbsp;<\/strong><\/span><span style=\"font-family: citroen-regular; font-size: 36pt;\"><strong>NUESTROS SERVICIOS<\/strong>:<\/span><\/p>\n<p><\/p>\n<p><img loading=\"lazy\" class=\"alignnone wp-image-342 size-full\" src=\"http:\/\/www.fadamai.com\/wp-content\/uploads\/FormulaTrabajo.jpg\" alt=\"formulatrabajo\" width=\"1024\" height=\"768\"><\/p>\n<p><\/p>\n<p><img loading=\"lazy\" class=\"alignnone wp-image-343 size-full\" src=\"http:\/\/www.fadamai.com\/wp-content\/uploads\/Neumaticos.jpg\" alt=\"neumaticos\" width=\"1024\" height=\"768\"><\/p>\n<p><\/p>\n<p><\/p>\n\n\n<figure class=\"wp-block-image size-large\"><img loading=\"lazy\" width=\"1024\" height=\"576\" src=\"http:\/\/www.fadamai.com\/wp-content\/uploads\/Equilibradoras_alineadoras-1-1024x576.jpg\" alt=\"\" class=\"wp-image-535\" srcset=\"https:\/\/www.fadamai.com\/wp-content\/uploads\/Equilibradoras_alineadoras-1-1024x576.jpg 1024w, https:\/\/www.fadamai.com\/wp-content\/uploads\/Equilibradoras_alineadoras-1-300x169.jpg 300w, https:\/\/www.fadamai.com\/wp-content\/uploads\/Equilibradoras_alineadoras-1-768x432.jpg 768w, https:\/\/www.fadamai.com\/wp-content\/uploads\/Equilibradoras_alineadoras-1-1536x864.jpg 1536w, https:\/\/www.fadamai.com\/wp-content\/uploads\/Equilibradoras_alineadoras-1-2048x1152.jpg 2048w\" sizes=\"(max-width: 1024px) 100vw, 1024px\" \/><\/figure>\n\n\n\n<figure class=\"wp-block-image size-large\"><img loading=\"lazy\" width=\"1024\" height=\"576\" src=\"http:\/\/www.fadamai.com\/wp-content\/uploads\/MaquinaDiagnosis-1-1024x576.jpg\" alt=\"\" class=\"wp-image-546\" srcset=\"https:\/\/www.fadamai.com\/wp-content\/uploads\/MaquinaDiagnosis-1-1024x576.jpg 1024w, https:\/\/www.fadamai.com\/wp-content\/uploads\/MaquinaDiagnosis-1-300x169.jpg 300w, https:\/\/www.fadamai.com\/wp-content\/uploads\/MaquinaDiagnosis-1-768x432.jpg 768w, https:\/\/www.fadamai.com\/wp-content\/uploads\/MaquinaDiagnosis-1-1536x864.jpg 1536w, https:\/\/www.fadamai.com\/wp-content\/uploads\/MaquinaDiagnosis-1-2048x1152.jpg 2048w\" sizes=\"(max-width: 1024px) 100vw, 1024px\" \/><\/figure>\n\n\n\n<figure class=\"wp-block-image size-large\"><img loading=\"lazy\" width=\"1024\" height=\"576\" src=\"http:\/\/www.fadamai.com\/wp-content\/uploads\/Frenometro-1-1024x576.jpg\" alt=\"\" class=\"wp-image-539\" srcset=\"https:\/\/www.fadamai.com\/wp-content\/uploads\/Frenometro-1-1024x576.jpg 1024w, https:\/\/www.fadamai.com\/wp-content\/uploads\/Frenometro-1-300x169.jpg 300w, https:\/\/www.fadamai.com\/wp-content\/uploads\/Frenometro-1-768x432.jpg 768w, https:\/\/www.fadamai.com\/wp-content\/uploads\/Frenometro-1-1536x864.jpg 1536w, https:\/\/www.fadamai.com\/wp-content\/uploads\/Frenometro-1-2048x1152.jpg 2048w\" sizes=\"(max-width: 1024px) 100vw, 1024px\" \/><\/figure>\n","protected":false},"excerpt":{"rendered":"<p>En Talleres Fadamai S.L., aportamos nuestra experiencia, competencia y tecnolog\u00eda propia para realizar el mantenimiento de su veh\u00edculo con el m\u00e1ximo cuidado, atendiendo a sus caracter\u00edsticas t\u00e9cnicas. La frecuencia del mantenimiento de<a class=\"moretag\" href=\"https:\/\/www.fadamai.com\/?page_id=195\">Leer m\u00e1s&#8230;<\/a><\/p>\n","protected":false},"author":1,"featured_media":0,"parent":0,"menu_order":0,"comment_status":"closed","ping_status":"closed","template":"","meta":{"spay_email":""},"yoast_head":"<!-- This site is optimized with the Yoast SEO plugin v18.2 - https:\/\/yoast.com\/wordpress\/plugins\/seo\/ -->\n<title>Servicios - Fadamai<\/title>\n<meta name=\"robots\" content=\"index, follow, max-snippet:-1, max-image-preview:large, max-video-preview:-1\" \/>\n<link rel=\"canonical\" href=\"https:\/\/www.fadamai.com\/?page_id=195\" \/>\n<meta property=\"og:locale\" content=\"es_ES\" \/>\n<meta property=\"og:type\" content=\"article\" \/>\n<meta property=\"og:title\" content=\"Servicios - Fadamai\" \/>\n<meta property=\"og:description\" content=\"En Talleres Fadamai S.L., aportamos nuestra experiencia, competencia y tecnolog\u00eda propia para realizar el mantenimiento de su veh\u00edculo con el m\u00e1ximo cuidado, atendiendo a sus caracter\u00edsticas t\u00e9cnicas. La frecuencia del mantenimiento deLeer m\u00e1s...\" \/>\n<meta property=\"og:url\" content=\"https:\/\/www.fadamai.com\/?page_id=195\" \/>\n<meta property=\"og:site_name\" content=\"Fadamai\" \/>\n<meta property=\"article:modified_time\" content=\"2020-05-31T17:27:30+00:00\" \/>\n<meta property=\"og:image\" content=\"http:\/\/www.fadamai.com\/wp-content\/uploads\/c4adri.jpg\" \/>\n<meta name=\"twitter:card\" content=\"summary\" \/>\n<script type=\"application\/ld+json\" class=\"yoast-schema-graph\">{\"@context\":\"https:\/\/schema.org\",\"@graph\":[{\"@type\":\"WebSite\",\"@id\":\"https:\/\/www.fadamai.com\/#website\",\"url\":\"https:\/\/www.fadamai.com\/\",\"name\":\"Fadamai\",\"description\":\"\",\"potentialAction\":[{\"@type\":\"SearchAction\",\"target\":{\"@type\":\"EntryPoint\",\"urlTemplate\":\"https:\/\/www.fadamai.com\/?s={search_term_string}\"},\"query-input\":\"required name=search_term_string\"}],\"inLanguage\":\"es\"},{\"@type\":\"ImageObject\",\"@id\":\"https:\/\/www.fadamai.com\/?page_id=195#primaryimage\",\"inLanguage\":\"es\",\"url\":\"http:\/\/www.fadamai.com\/wp-content\/uploads\/c4adri.jpg\",\"contentUrl\":\"http:\/\/www.fadamai.com\/wp-content\/uploads\/c4adri.jpg\"},{\"@type\":\"WebPage\",\"@id\":\"https:\/\/www.fadamai.com\/?page_id=195#webpage\",\"url\":\"https:\/\/www.fadamai.com\/?page_id=195\",\"name\":\"Servicios - Fadamai\",\"isPartOf\":{\"@id\":\"https:\/\/www.fadamai.com\/#website\"},\"primaryImageOfPage\":{\"@id\":\"https:\/\/www.fadamai.com\/?page_id=195#primaryimage\"},\"datePublished\":\"2015-11-08T18:45:52+00:00\",\"dateModified\":\"2020-05-31T17:27:30+00:00\",\"breadcrumb\":{\"@id\":\"https:\/\/www.fadamai.com\/?page_id=195#breadcrumb\"},\"inLanguage\":\"es\",\"potentialAction\":[{\"@type\":\"ReadAction\",\"target\":[\"https:\/\/www.fadamai.com\/?page_id=195\"]}]},{\"@type\":\"BreadcrumbList\",\"@id\":\"https:\/\/www.fadamai.com\/?page_id=195#breadcrumb\",\"itemListElement\":[{\"@type\":\"ListItem\",\"position\":1,\"name\":\"Portada\",\"item\":\"https:\/\/www.fadamai.com\/\"},{\"@type\":\"ListItem\",\"position\":2,\"name\":\"Servicios\"}]}]}<\/script>\n<!-- \/ Yoast SEO plugin. -->","yoast_head_json":{"title":"Servicios - Fadamai","robots":{"index":"index","follow":"follow","max-snippet":"max-snippet:-1","max-image-preview":"max-image-preview:large","max-video-preview":"max-video-preview:-1"},"canonical":"https:\/\/www.fadamai.com\/?page_id=195","og_locale":"es_ES","og_type":"article","og_title":"Servicios - Fadamai","og_description":"En Talleres Fadamai S.L., aportamos nuestra experiencia, competencia y tecnolog\u00eda propia para realizar el mantenimiento de su veh\u00edculo con el m\u00e1ximo cuidado, atendiendo a sus caracter\u00edsticas t\u00e9cnicas. La frecuencia del mantenimiento deLeer m\u00e1s...","og_url":"https:\/\/www.fadamai.com\/?page_id=195","og_site_name":"Fadamai","article_modified_time":"2020-05-31T17:27:30+00:00","og_image":[{"url":"http:\/\/www.fadamai.com\/wp-content\/uploads\/c4adri.jpg"}],"twitter_card":"summary","schema":{"@context":"https:\/\/schema.org","@graph":[{"@type":"WebSite","@id":"https:\/\/www.fadamai.com\/#website","url":"https:\/\/www.fadamai.com\/","name":"Fadamai","description":"","potentialAction":[{"@type":"SearchAction","target":{"@type":"EntryPoint","urlTemplate":"https:\/\/www.fadamai.com\/?s={search_term_string}"},"query-input":"required name=search_term_string"}],"inLanguage":"es"},{"@type":"ImageObject","@id":"https:\/\/www.fadamai.com\/?page_id=195#primaryimage","inLanguage":"es","url":"http:\/\/www.fadamai.com\/wp-content\/uploads\/c4adri.jpg","contentUrl":"http:\/\/www.fadamai.com\/wp-content\/uploads\/c4adri.jpg"},{"@type":"WebPage","@id":"https:\/\/www.fadamai.com\/?page_id=195#webpage","url":"https:\/\/www.fadamai.com\/?page_id=195","name":"Servicios - Fadamai","isPartOf":{"@id":"https:\/\/www.fadamai.com\/#website"},"primaryImageOfPage":{"@id":"https:\/\/www.fadamai.com\/?page_id=195#primaryimage"},"datePublished":"2015-11-08T18:45:52+00:00","dateModified":"2020-05-31T17:27:30+00:00","breadcrumb":{"@id":"https:\/\/www.fadamai.com\/?page_id=195#breadcrumb"},"inLanguage":"es","potentialAction":[{"@type":"ReadAction","target":["https:\/\/www.fadamai.com\/?page_id=195"]}]},{"@type":"BreadcrumbList","@id":"https:\/\/www.fadamai.com\/?page_id=195#breadcrumb","itemListElement":[{"@type":"ListItem","position":1,"name":"Portada","item":"https:\/\/www.fadamai.com\/"},{"@type":"ListItem","position":2,"name":"Servicios"}]}]}},"jetpack_sharing_enabled":true,"jetpack_shortlink":"https:\/\/wp.me\/P7Wl03-39","_links":{"self":[{"href":"https:\/\/www.fadamai.com\/index.php?rest_route=\/wp\/v2\/pages\/195"}],"collection":[{"href":"https:\/\/www.fadamai.com\/index.php?rest_route=\/wp\/v2\/pages"}],"about":[{"href":"https:\/\/www.fadamai.com\/index.php?rest_route=\/wp\/v2\/types\/page"}],"author":[{"embeddable":true,"href":"https:\/\/www.fadamai.com\/index.php?rest_route=\/wp\/v2\/users\/1"}],"replies":[{"embeddable":true,"href":"https:\/\/www.fadamai.com\/index.php?rest_route=%2Fwp%2Fv2%2Fcomments&post=195"}],"version-history":[{"count":19,"href":"https:\/\/www.fadamai.com\/index.php?rest_route=\/wp\/v2\/pages\/195\/revisions"}],"predecessor-version":[{"id":575,"href":"https:\/\/www.fadamai.com\/index.php?rest_route=\/wp\/v2\/pages\/195\/revisions\/575"}],"wp:attachment":[{"href":"https:\/\/www.fadamai.com\/index.php?rest_route=%2Fwp%2Fv2%2Fmedia&parent=195"}],"curies":[{"name":"wp","href":"https:\/\/api.w.org\/{rel}","templated":true}]}}